{"id":3238,"date":"2023-05-15T11:54:27","date_gmt":"2023-05-15T09:54:27","guid":{"rendered":"https:\/\/gentlemenofsweden.se\/shop\/"},"modified":"2025-09-13T11:41:15","modified_gmt":"2025-09-13T09:41:15","slug":"shop","status":"publish","type":"page","link":"https:\/\/gentlemenofsweden.se\/en\/shop\/","title":{"rendered":"Shop"},"content":{"rendered":"\n<p>Gentlemen of Swedens produktserie \u00e4r skapade med den vardagliga gentlemannen i \u00e5tanke, doften \u00e4r fr\u00e4sch och maskulin och lite nedtonad f\u00f6r att kunna anv\u00e4ndas b\u00e5de till vardags och till fest. Hela v\u00e5r produktserie \u00e4r vegansk och inneh\u00e5ller bland annat ingredienser som n\u00e4sselextrakt och trollhassel som har en sk\u00f6n och lugnande effekt p\u00e5 huden.<\/p>\n\n\n\n<p>Under utvecklingen har samtliga produkter har testats rigor\u00f6st m\u00e5nader i str\u00e4ck av b\u00e5de fris\u00f6rer, barberare och vanliga m\u00e4n f\u00f6r att vi ska vara s\u00e4kra p\u00e5 att allt h\u00e5ller vad vi lovar s\u00e5 att du ska k\u00e4nna dig trygg.<\/p>\n","protected":false},"excerpt":{"rendered":"<p>Gentlemen of Swedens produktserie \u00e4r skapade med den vardagliga gentlemannen i \u00e5tanke, doften \u00e4r fr\u00e4sch och maskulin och lite nedtonad f\u00f6r att kunna anv\u00e4ndas b\u00e5de till vardags och till fest. Hela v\u00e5r produktserie \u00e4r vegansk och inneh\u00e5ller bland annat ingredienser som n\u00e4sselextrakt och trollhassel som har en sk\u00f6n och lugnande effekt p\u00e5 huden. Under utvecklingen [&hellip;]<\/p>\n","protected":false},"author":27,"featured_media":0,"parent":0,"menu_order":0,"comment_status":"closed","ping_status":"closed","template":"","meta":{"_acf_changed":false,"two_page_speed":[],"footnotes":""},"class_list":["post-3238","page","type-page","status-publish","hentry"],"acf":[],"yoast_head":"<!-- This site is optimized with the Yoast SEO plugin v27.0 - https:\/\/yoast.com\/product\/yoast-seo-wordpress\/ -->\n<title>Shop - Gentlemen of Sweden<\/title>\n<meta name=\"robots\" content=\"index, follow, max-snippet:-1, max-image-preview:large, max-video-preview:-1\" \/>\n<link rel=\"canonical\" href=\"https:\/\/gentlemenofsweden.se\/butik\/\" \/>\n<meta property=\"og:locale\" content=\"en_US\" \/>\n<meta property=\"og:type\" content=\"article\" \/>\n<meta property=\"og:title\" content=\"Shop - Gentlemen of Sweden\" \/>\n<meta property=\"og:description\" content=\"Gentlemen of Swedens produktserie \u00e4r skapade med den vardagliga gentlemannen i \u00e5tanke, doften \u00e4r fr\u00e4sch och maskulin och lite nedtonad f\u00f6r att kunna anv\u00e4ndas b\u00e5de till vardags och till fest. Hela v\u00e5r produktserie \u00e4r vegansk och inneh\u00e5ller bland annat ingredienser som n\u00e4sselextrakt och trollhassel som har en sk\u00f6n och lugnande effekt p\u00e5 huden. Under utvecklingen [&hellip;]\" \/>\n<meta property=\"og:url\" content=\"https:\/\/gentlemenofsweden.se\/butik\/\" \/>\n<meta property=\"og:site_name\" content=\"Gentlemen of Sweden\" \/>\n<meta property=\"article:publisher\" content=\"https:\/\/www.facebook.com\/gentlemenofsweden\" \/>\n<meta property=\"article:modified_time\" content=\"2025-09-13T09:41:15+00:00\" \/>\n<meta property=\"og:image\" content=\"https:\/\/gentlemenofsweden.se\/wp-content\/uploads\/2025\/03\/logo_bag.png\" \/>\n\t<meta property=\"og:image:width\" content=\"1181\" \/>\n\t<meta property=\"og:image:height\" content=\"1181\" \/>\n\t<meta property=\"og:image:type\" content=\"image\/png\" \/>\n<meta name=\"twitter:card\" content=\"summary_large_image\" \/>\n<meta name=\"twitter:label1\" content=\"Est. reading time\" \/>\n\t<meta name=\"twitter:data1\" content=\"1 minute\" \/>\n<script type=\"application\/ld+json\" class=\"yoast-schema-graph\">{\"@context\":\"https:\/\/schema.org\",\"@graph\":[{\"@type\":\"WebPage\",\"@id\":\"https:\/\/gentlemenofsweden.se\/butik\/\",\"url\":\"https:\/\/gentlemenofsweden.se\/butik\/\",\"name\":\"Shop - Gentlemen of Sweden\",\"isPartOf\":{\"@id\":\"https:\/\/gentlemenofsweden.se\/#website\"},\"datePublished\":\"2023-05-15T09:54:27+00:00\",\"dateModified\":\"2025-09-13T09:41:15+00:00\",\"breadcrumb\":{\"@id\":\"https:\/\/gentlemenofsweden.se\/butik\/#breadcrumb\"},\"inLanguage\":\"en-US\",\"potentialAction\":[{\"@type\":\"ReadAction\",\"target\":[\"https:\/\/gentlemenofsweden.se\/butik\/\"]}]},{\"@type\":\"BreadcrumbList\",\"@id\":\"https:\/\/gentlemenofsweden.se\/butik\/#breadcrumb\",\"itemListElement\":[{\"@type\":\"ListItem\",\"position\":1,\"name\":\"Hem\",\"item\":\"https:\/\/gentlemenofsweden.se\/en\/hem\/\"},{\"@type\":\"ListItem\",\"position\":2,\"name\":\"Shop\"}]},{\"@type\":\"WebSite\",\"@id\":\"https:\/\/gentlemenofsweden.se\/#website\",\"url\":\"https:\/\/gentlemenofsweden.se\/\",\"name\":\"Gentlemen of Sweden\",\"description\":\"It&#039;s not about brand, it&#039;s about you\",\"publisher\":{\"@id\":\"https:\/\/gentlemenofsweden.se\/#organization\"},\"alternateName\":\"GoS\",\"potentialAction\":[{\"@type\":\"SearchAction\",\"target\":{\"@type\":\"EntryPoint\",\"urlTemplate\":\"https:\/\/gentlemenofsweden.se\/?s={search_term_string}\"},\"query-input\":{\"@type\":\"PropertyValueSpecification\",\"valueRequired\":true,\"valueName\":\"search_term_string\"}}],\"inLanguage\":\"en-US\"},{\"@type\":\"Organization\",\"@id\":\"https:\/\/gentlemenofsweden.se\/#organization\",\"name\":\"Gentlemen of Sweden AB\",\"url\":\"https:\/\/gentlemenofsweden.se\/\",\"logo\":{\"@type\":\"ImageObject\",\"inLanguage\":\"en-US\",\"@id\":\"https:\/\/gentlemenofsweden.se\/#\/schema\/logo\/image\/\",\"url\":\"https:\/\/gentlemenofsweden.se\/wp-content\/uploads\/2025\/03\/logo_bag.png\",\"contentUrl\":\"https:\/\/gentlemenofsweden.se\/wp-content\/uploads\/2025\/03\/logo_bag.png\",\"width\":1181,\"height\":1181,\"caption\":\"Gentlemen of Sweden AB\"},\"image\":{\"@id\":\"https:\/\/gentlemenofsweden.se\/#\/schema\/logo\/image\/\"},\"sameAs\":[\"https:\/\/www.facebook.com\/gentlemenofsweden\"]}]}<\/script>\n<!-- \/ Yoast SEO plugin. -->","yoast_head_json":{"title":"Shop - Gentlemen of Sweden","robots":{"index":"index","follow":"follow","max-snippet":"max-snippet:-1","max-image-preview":"max-image-preview:large","max-video-preview":"max-video-preview:-1"},"canonical":"https:\/\/gentlemenofsweden.se\/butik\/","og_locale":"en_US","og_type":"article","og_title":"Shop - Gentlemen of Sweden","og_description":"Gentlemen of Swedens produktserie \u00e4r skapade med den vardagliga gentlemannen i \u00e5tanke, doften \u00e4r fr\u00e4sch och maskulin och lite nedtonad f\u00f6r att kunna anv\u00e4ndas b\u00e5de till vardags och till fest. Hela v\u00e5r produktserie \u00e4r vegansk och inneh\u00e5ller bland annat ingredienser som n\u00e4sselextrakt och trollhassel som har en sk\u00f6n och lugnande effekt p\u00e5 huden. Under utvecklingen [&hellip;]","og_url":"https:\/\/gentlemenofsweden.se\/butik\/","og_site_name":"Gentlemen of Sweden","article_publisher":"https:\/\/www.facebook.com\/gentlemenofsweden","article_modified_time":"2025-09-13T09:41:15+00:00","og_image":[{"width":1181,"height":1181,"url":"https:\/\/gentlemenofsweden.se\/wp-content\/uploads\/2025\/03\/logo_bag.png","type":"image\/png"}],"twitter_card":"summary_large_image","twitter_misc":{"Est. reading time":"1 minute"},"schema":{"@context":"https:\/\/schema.org","@graph":[{"@type":"WebPage","@id":"https:\/\/gentlemenofsweden.se\/butik\/","url":"https:\/\/gentlemenofsweden.se\/butik\/","name":"Shop - Gentlemen of Sweden","isPartOf":{"@id":"https:\/\/gentlemenofsweden.se\/#website"},"datePublished":"2023-05-15T09:54:27+00:00","dateModified":"2025-09-13T09:41:15+00:00","breadcrumb":{"@id":"https:\/\/gentlemenofsweden.se\/butik\/#breadcrumb"},"inLanguage":"en-US","potentialAction":[{"@type":"ReadAction","target":["https:\/\/gentlemenofsweden.se\/butik\/"]}]},{"@type":"BreadcrumbList","@id":"https:\/\/gentlemenofsweden.se\/butik\/#breadcrumb","itemListElement":[{"@type":"ListItem","position":1,"name":"Hem","item":"https:\/\/gentlemenofsweden.se\/en\/hem\/"},{"@type":"ListItem","position":2,"name":"Shop"}]},{"@type":"WebSite","@id":"https:\/\/gentlemenofsweden.se\/#website","url":"https:\/\/gentlemenofsweden.se\/","name":"Gentlemen of Sweden","description":"It&#039;s not about brand, it&#039;s about you","publisher":{"@id":"https:\/\/gentlemenofsweden.se\/#organization"},"alternateName":"GoS","potentialAction":[{"@type":"SearchAction","target":{"@type":"EntryPoint","urlTemplate":"https:\/\/gentlemenofsweden.se\/?s={search_term_string}"},"query-input":{"@type":"PropertyValueSpecification","valueRequired":true,"valueName":"search_term_string"}}],"inLanguage":"en-US"},{"@type":"Organization","@id":"https:\/\/gentlemenofsweden.se\/#organization","name":"Gentlemen of Sweden AB","url":"https:\/\/gentlemenofsweden.se\/","logo":{"@type":"ImageObject","inLanguage":"en-US","@id":"https:\/\/gentlemenofsweden.se\/#\/schema\/logo\/image\/","url":"https:\/\/gentlemenofsweden.se\/wp-content\/uploads\/2025\/03\/logo_bag.png","contentUrl":"https:\/\/gentlemenofsweden.se\/wp-content\/uploads\/2025\/03\/logo_bag.png","width":1181,"height":1181,"caption":"Gentlemen of Sweden AB"},"image":{"@id":"https:\/\/gentlemenofsweden.se\/#\/schema\/logo\/image\/"},"sameAs":["https:\/\/www.facebook.com\/gentlemenofsweden"]}]}},"_links":{"self":[{"href":"https:\/\/gentlemenofsweden.se\/en\/wp-json\/wp\/v2\/pages\/3238","targetHints":{"allow":["GET"]}}],"collection":[{"href":"https:\/\/gentlemenofsweden.se\/en\/wp-json\/wp\/v2\/pages"}],"about":[{"href":"https:\/\/gentlemenofsweden.se\/en\/wp-json\/wp\/v2\/types\/page"}],"author":[{"embeddable":true,"href":"https:\/\/gentlemenofsweden.se\/en\/wp-json\/wp\/v2\/users\/27"}],"replies":[{"embeddable":true,"href":"https:\/\/gentlemenofsweden.se\/en\/wp-json\/wp\/v2\/comments?post=3238"}],"version-history":[{"count":0,"href":"https:\/\/gentlemenofsweden.se\/en\/wp-json\/wp\/v2\/pages\/3238\/revisions"}],"wp:attachment":[{"href":"https:\/\/gentlemenofsweden.se\/en\/wp-json\/wp\/v2\/media?parent=3238"}],"curies":[{"name":"wp","href":"https:\/\/api.w.org\/{rel}","templated":true}]}}