{"id":7140,"date":"2024-10-21T15:24:19","date_gmt":"2024-10-21T13:24:19","guid":{"rendered":"https:\/\/gentlemenofsweden.se\/epost-2\/"},"modified":"2025-10-08T22:47:07","modified_gmt":"2025-10-08T20:47:07","slug":"epost-2","status":"publish","type":"page","link":"https:\/\/gentlemenofsweden.se\/en\/epost-2\/","title":{"rendered":"email"},"content":{"rendered":"  \n  \n  <div class=\"\n    mailpoet_form_popup_overlay\n      \"><\/div>\n  <div\n    id=\"mailpoet_form_2\"\n    class=\"\n      mailpoet_form\n      mailpoet_form_shortcode\n      mailpoet_form_position_\n      mailpoet_form_animation_\n    \"\n      >\n\n    <style type=\"text\/css\">\n     #mailpoet_form_2 .mailpoet_form {  }\n#mailpoet_form_2 form { margin-bottom: 0; }\n#mailpoet_form_2 p.mailpoet_form_paragraph.last { margin-bottom: 0px; }\n#mailpoet_form_2 h2.mailpoet-heading { margin: -10px 0 10px 0; }\n#mailpoet_form_2 .mailpoet_column_with_background { padding: 10px; }\n#mailpoet_form_2 .mailpoet_form_column:not(:first-child) { margin-left: 20px; }\n#mailpoet_form_2 .mailpoet_paragraph { line-height: 20px; margin-bottom: 20px; }\n#mailpoet_form_2 .mailpoet_segment_label, #mailpoet_form_2 .mailpoet_text_label, #mailpoet_form_2 .mailpoet_textarea_label, #mailpoet_form_2 .mailpoet_select_label, #mailpoet_form_2 .mailpoet_radio_label, #mailpoet_form_2 .mailpoet_checkbox_label, #mailpoet_form_2 .mailpoet_list_label, #mailpoet_form_2 .mailpoet_date_label { display: block; font-weight: normal; }\n#mailpoet_form_2 .mailpoet_text, #mailpoet_form_2 .mailpoet_textarea, #mailpoet_form_2 .mailpoet_select, #mailpoet_form_2 .mailpoet_date_month, #mailpoet_form_2 .mailpoet_date_day, #mailpoet_form_2 .mailpoet_date_year, #mailpoet_form_2 .mailpoet_date { display: block; }\n#mailpoet_form_2 .mailpoet_text, #mailpoet_form_2 .mailpoet_textarea { width: 200px; }\n#mailpoet_form_2 .mailpoet_checkbox {  }\n#mailpoet_form_2 .mailpoet_submit {  }\n#mailpoet_form_2 .mailpoet_divider {  }\n#mailpoet_form_2 .mailpoet_message {  }\n#mailpoet_form_2 .mailpoet_form_loading { width: 30px; text-align: center; line-height: normal; }\n#mailpoet_form_2 .mailpoet_form_loading > span { width: 5px; height: 5px; background-color: #5b5b5b; }#mailpoet_form_2{border-radius: 24px;background: linear-gradient(135deg,rgb(122,220,180) 1%,rgb(0,66,37) 100%);text-align: left;}#mailpoet_form_2 form.mailpoet_form {padding: 40px;}#mailpoet_form_2{width: 100%;}#mailpoet_form_2 .mailpoet_message {margin: 0; padding: 0 20px;}\n        #mailpoet_form_2 .mailpoet_validate_success {color: #00d084}\n        #mailpoet_form_2 input.parsley-success {color: #00d084}\n        #mailpoet_form_2 select.parsley-success {color: #00d084}\n        #mailpoet_form_2 textarea.parsley-success {color: #00d084}\n      \n        #mailpoet_form_2 .mailpoet_validate_error {color: #cf2e2e}\n        #mailpoet_form_2 input.parsley-error {color: #cf2e2e}\n        #mailpoet_form_2 select.parsley-error {color: #cf2e2e}\n        #mailpoet_form_2 textarea.textarea.parsley-error {color: #cf2e2e}\n        #mailpoet_form_2 .parsley-errors-list {color: #cf2e2e}\n        #mailpoet_form_2 .parsley-required {color: #cf2e2e}\n        #mailpoet_form_2 .parsley-custom-error-message {color: #cf2e2e}\n      #mailpoet_form_2 .mailpoet_paragraph.last {margin-bottom: 0} @media (max-width: 500px) {#mailpoet_form_2 {background: linear-gradient(135deg,rgb(122,220,180) 1%,rgb(0,66,37) 100%);}} @media (min-width: 500px) {#mailpoet_form_2 .last .mailpoet_paragraph:last-child {margin-bottom: 0}}  @media (max-width: 500px) {#mailpoet_form_2 .mailpoet_form_column:last-child .mailpoet_paragraph:last-child {margin-bottom: 0}} \n    <\/style>\n\n    <form\n      target=\"_self\"\n      method=\"post\"\n      action=\"https:\/\/gentlemenofsweden.se\/wp-admin\/admin-post.php?action=mailpoet_subscription_form\"\n      class=\"mailpoet_form mailpoet_form_form mailpoet_form_shortcode\"\n      novalidate\n      data-delay=\"\"\n      data-exit-intent-enabled=\"\"\n      data-font-family=\"\"\n      data-cookie-expiration-time=\"\"\n    >\n      <input type=\"hidden\" name=\"data[form_id]\" value=\"2\" \/>\n      <input type=\"hidden\" name=\"token\" value=\"75aff9aa7d\" \/>\n      <input type=\"hidden\" name=\"api_version\" value=\"v1\" \/>\n      <input type=\"hidden\" name=\"endpoint\" value=\"subscribers\" \/>\n      <input type=\"hidden\" name=\"mailpoet_method\" value=\"subscribe\" \/>\n\n      <label class=\"mailpoet_hp_email_label\" style=\"display: none !important;\">Please leave this field empty<input type=\"email\" name=\"data[email]\"\/><\/label><h2 class=\"mailpoet-heading  mailpoet-has-font-size\" style=\"text-align: center; color: #ffffff; font-size: 50px; line-height: 1\"><strong><span style=\"font-family: Cormorant\" data-font=\"Cormorant\" class=\"mailpoet-has-font\">L\u00c5T OSS H\u00c5LLA KONTAKTEN!<\/span><\/strong><\/h2>\n<div class=\"mailpoet_paragraph \"><style>input[name=\"data[form_field_ODU0ZWExZmQ3NjFiX2ZpcnN0X25hbWU=]\"]::placeholder{color:#5b8ba7;opacity: 1;}<\/style><input type=\"text\" autocomplete=\"given-name\" class=\"mailpoet_text\" id=\"form_first_name_2\" name=\"data[form_field_ODU0ZWExZmQ3NjFiX2ZpcnN0X25hbWU=]\" title=\"F\u00f6rnamn\" value=\"\" style=\"width:100%;box-sizing:border-box;background-color:#ffffff;border-style:solid;border-radius:4px !important;border-width:0px;border-color:#313131;padding:12px;margin: 0 auto 0 0;font-family:&#039;Ubuntu&#039;;font-size:20px;line-height:1.5;height:auto;color:#5b8ba7;\" data-automation-id=\"form_first_name\"  placeholder=\"F\u00f6rnamn *\" aria-label=\"F\u00f6rnamn *\" data-parsley-errors-container=\".mailpoet_error_1emg6\" data-parsley-names='[&quot;Please specify a valid name.&quot;,&quot;Addresses in names are not permitted, please add your name instead.&quot;]' data-parsley-required=\"true\" required aria-required=\"true\" data-parsley-required-message=\"This field is required.\"\/><span class=\"mailpoet_error_1emg6\"><\/span><\/div>\n<div class=\"mailpoet_paragraph \"><style>input[name=\"data[form_field_MjE1NWZkNzAwYzVjX2VtYWls]\"]::placeholder{color:#5b8ba7;opacity: 1;}<\/style><input type=\"email\" autocomplete=\"email\" class=\"mailpoet_text\" id=\"form_email_2\" name=\"data[form_field_MjE1NWZkNzAwYzVjX2VtYWls]\" title=\"E-postadress\" value=\"\" style=\"width:100%;box-sizing:border-box;background-color:#ffffff;border-style:solid;border-radius:4px !important;border-width:0px;border-color:#313131;padding:12px;margin: 0 auto 0 0;font-family:&#039;Ubuntu&#039;;font-size:20px;line-height:1.5;height:auto;color:#5b8ba7;\" data-automation-id=\"form_email\"  placeholder=\"E-postadress *\" aria-label=\"E-postadress *\" data-parsley-errors-container=\".mailpoet_error_128ak\" data-parsley-required=\"true\" required aria-required=\"true\" data-parsley-minlength=\"6\" data-parsley-maxlength=\"150\" data-parsley-type-message=\"This value should be a valid email.\" data-parsley-required-message=\"This field is required.\"\/><span class=\"mailpoet_error_128ak\"><\/span><\/div>\n<div class=\"mailpoet_paragraph \"><input type=\"submit\" class=\"mailpoet_submit\" value=\"H\u00e5ll mig uppdaterad!\" data-automation-id=\"subscribe-submit-button\" data-font-family='Ubuntu' style=\"width:100%;box-sizing:border-box;background-color:#ff6900;border-style:solid;border-radius:40px !important;border-width:0px;padding:12px;margin: 0 auto 0 0;font-family:&#039;Ubuntu&#039;;font-size:24px;line-height:1.5;height:auto;color:#ffffff;border-color:transparent;font-weight:bold;\" \/><span class=\"mailpoet_form_loading\"><span class=\"mailpoet_bounce1\"><\/span><span class=\"mailpoet_bounce2\"><\/span><span class=\"mailpoet_bounce3\"><\/span><\/span><\/div>\n\n      <div class=\"mailpoet_message\">\n        <p class=\"mailpoet_validate_success\"\n                style=\"display:none;\"\n                >Kontrollera din inkorg eller skr\u00e4ppostmapp f\u00f6r att bekr\u00e4fta din prenumeration.\n        <\/p>\n        <p class=\"mailpoet_validate_error\"\n                style=\"display:none;\"\n                >        <\/p>\n      <\/div>\n    <\/form>\n\n      <\/div>\n\n  \n\n\n\n<div style=\"height:52px\" aria-hidden=\"true\" class=\"wp-block-spacer\"><\/div>\n\n\n\n<p><\/p>\n","protected":false},"excerpt":{"rendered":"","protected":false},"author":27,"featured_media":0,"parent":0,"menu_order":0,"comment_status":"closed","ping_status":"closed","template":"template-fullwidth.php","meta":{"_acf_changed":false,"two_page_speed":[],"footnotes":""},"class_list":["post-7140","page","type-page","status-publish","hentry"],"acf":[],"yoast_head":"<!-- This site is optimized with the Yoast SEO plugin v27.3 - https:\/\/yoast.com\/product\/yoast-seo-wordpress\/ -->\n<title>email - Gentlemen of Sweden<\/title>\n<meta name=\"robots\" content=\"index, follow, max-snippet:-1, max-image-preview:large, max-video-preview:-1\" \/>\n<link rel=\"canonical\" href=\"https:\/\/gentlemenofsweden.se\/en\/?page_id=7140\" \/>\n<meta property=\"og:locale\" content=\"en_US\" \/>\n<meta property=\"og:type\" content=\"article\" \/>\n<meta property=\"og:title\" content=\"email - Gentlemen of Sweden\" \/>\n<meta property=\"og:url\" content=\"https:\/\/gentlemenofsweden.se\/en\/?page_id=7140\" \/>\n<meta property=\"og:site_name\" content=\"Gentlemen of Sweden\" \/>\n<meta property=\"article:publisher\" content=\"https:\/\/www.facebook.com\/gentlemenofsweden\" \/>\n<meta property=\"article:modified_time\" content=\"2025-10-08T20:47:07+00:00\" \/>\n<meta property=\"og:image\" content=\"https:\/\/gentlemenofsweden.se\/wp-content\/uploads\/2025\/03\/logo_bag.png\" \/>\n\t<meta property=\"og:image:width\" content=\"1181\" \/>\n\t<meta property=\"og:image:height\" content=\"1181\" \/>\n\t<meta property=\"og:image:type\" content=\"image\/png\" \/>\n<meta name=\"twitter:card\" content=\"summary_large_image\" \/>\n<script type=\"application\/ld+json\" class=\"yoast-schema-graph\">{\"@context\":\"https:\\\/\\\/schema.org\",\"@graph\":[{\"@type\":\"WebPage\",\"@id\":\"https:\\\/\\\/gentlemenofsweden.se\\\/en\\\/?page_id=7140\",\"url\":\"https:\\\/\\\/gentlemenofsweden.se\\\/en\\\/?page_id=7140\",\"name\":\"email - Gentlemen of Sweden\",\"isPartOf\":{\"@id\":\"https:\\\/\\\/gentlemenofsweden.se\\\/#website\"},\"datePublished\":\"2024-10-21T13:24:19+00:00\",\"dateModified\":\"2025-10-08T20:47:07+00:00\",\"breadcrumb\":{\"@id\":\"https:\\\/\\\/gentlemenofsweden.se\\\/en\\\/?page_id=7140#breadcrumb\"},\"inLanguage\":\"en-US\",\"potentialAction\":[{\"@type\":\"ReadAction\",\"target\":[\"https:\\\/\\\/gentlemenofsweden.se\\\/en\\\/?page_id=7140\"]}]},{\"@type\":\"BreadcrumbList\",\"@id\":\"https:\\\/\\\/gentlemenofsweden.se\\\/en\\\/?page_id=7140#breadcrumb\",\"itemListElement\":[{\"@type\":\"ListItem\",\"position\":1,\"name\":\"Hem\",\"item\":\"https:\\\/\\\/gentlemenofsweden.se\\\/en\\\/hem\\\/\"},{\"@type\":\"ListItem\",\"position\":2,\"name\":\"email\"}]},{\"@type\":\"WebSite\",\"@id\":\"https:\\\/\\\/gentlemenofsweden.se\\\/#website\",\"url\":\"https:\\\/\\\/gentlemenofsweden.se\\\/\",\"name\":\"Gentlemen of Sweden\",\"description\":\"It&#039;s not about brand, it&#039;s about you\",\"publisher\":{\"@id\":\"https:\\\/\\\/gentlemenofsweden.se\\\/#organization\"},\"alternateName\":\"GoS\",\"potentialAction\":[{\"@type\":\"SearchAction\",\"target\":{\"@type\":\"EntryPoint\",\"urlTemplate\":\"https:\\\/\\\/gentlemenofsweden.se\\\/?s={search_term_string}\"},\"query-input\":{\"@type\":\"PropertyValueSpecification\",\"valueRequired\":true,\"valueName\":\"search_term_string\"}}],\"inLanguage\":\"en-US\"},{\"@type\":\"Organization\",\"@id\":\"https:\\\/\\\/gentlemenofsweden.se\\\/#organization\",\"name\":\"Gentlemen of Sweden AB\",\"url\":\"https:\\\/\\\/gentlemenofsweden.se\\\/\",\"logo\":{\"@type\":\"ImageObject\",\"inLanguage\":\"en-US\",\"@id\":\"https:\\\/\\\/gentlemenofsweden.se\\\/#\\\/schema\\\/logo\\\/image\\\/\",\"url\":\"https:\\\/\\\/gentlemenofsweden.se\\\/wp-content\\\/uploads\\\/2025\\\/03\\\/logo_bag.png\",\"contentUrl\":\"https:\\\/\\\/gentlemenofsweden.se\\\/wp-content\\\/uploads\\\/2025\\\/03\\\/logo_bag.png\",\"width\":1181,\"height\":1181,\"caption\":\"Gentlemen of Sweden AB\"},\"image\":{\"@id\":\"https:\\\/\\\/gentlemenofsweden.se\\\/#\\\/schema\\\/logo\\\/image\\\/\"},\"sameAs\":[\"https:\\\/\\\/www.facebook.com\\\/gentlemenofsweden\"]}]}<\/script>\n<!-- \/ Yoast SEO plugin. -->","yoast_head_json":{"title":"email - Gentlemen of Sweden","robots":{"index":"index","follow":"follow","max-snippet":"max-snippet:-1","max-image-preview":"max-image-preview:large","max-video-preview":"max-video-preview:-1"},"canonical":"https:\/\/gentlemenofsweden.se\/en\/?page_id=7140","og_locale":"en_US","og_type":"article","og_title":"email - Gentlemen of Sweden","og_url":"https:\/\/gentlemenofsweden.se\/en\/?page_id=7140","og_site_name":"Gentlemen of Sweden","article_publisher":"https:\/\/www.facebook.com\/gentlemenofsweden","article_modified_time":"2025-10-08T20:47:07+00:00","og_image":[{"width":1181,"height":1181,"url":"https:\/\/gentlemenofsweden.se\/wp-content\/uploads\/2025\/03\/logo_bag.png","type":"image\/png"}],"twitter_card":"summary_large_image","schema":{"@context":"https:\/\/schema.org","@graph":[{"@type":"WebPage","@id":"https:\/\/gentlemenofsweden.se\/en\/?page_id=7140","url":"https:\/\/gentlemenofsweden.se\/en\/?page_id=7140","name":"email - Gentlemen of Sweden","isPartOf":{"@id":"https:\/\/gentlemenofsweden.se\/#website"},"datePublished":"2024-10-21T13:24:19+00:00","dateModified":"2025-10-08T20:47:07+00:00","breadcrumb":{"@id":"https:\/\/gentlemenofsweden.se\/en\/?page_id=7140#breadcrumb"},"inLanguage":"en-US","potentialAction":[{"@type":"ReadAction","target":["https:\/\/gentlemenofsweden.se\/en\/?page_id=7140"]}]},{"@type":"BreadcrumbList","@id":"https:\/\/gentlemenofsweden.se\/en\/?page_id=7140#breadcrumb","itemListElement":[{"@type":"ListItem","position":1,"name":"Hem","item":"https:\/\/gentlemenofsweden.se\/en\/hem\/"},{"@type":"ListItem","position":2,"name":"email"}]},{"@type":"WebSite","@id":"https:\/\/gentlemenofsweden.se\/#website","url":"https:\/\/gentlemenofsweden.se\/","name":"Gentlemen of Sweden","description":"It&#039;s not about brand, it&#039;s about you","publisher":{"@id":"https:\/\/gentlemenofsweden.se\/#organization"},"alternateName":"GoS","potentialAction":[{"@type":"SearchAction","target":{"@type":"EntryPoint","urlTemplate":"https:\/\/gentlemenofsweden.se\/?s={search_term_string}"},"query-input":{"@type":"PropertyValueSpecification","valueRequired":true,"valueName":"search_term_string"}}],"inLanguage":"en-US"},{"@type":"Organization","@id":"https:\/\/gentlemenofsweden.se\/#organization","name":"Gentlemen of Sweden AB","url":"https:\/\/gentlemenofsweden.se\/","logo":{"@type":"ImageObject","inLanguage":"en-US","@id":"https:\/\/gentlemenofsweden.se\/#\/schema\/logo\/image\/","url":"https:\/\/gentlemenofsweden.se\/wp-content\/uploads\/2025\/03\/logo_bag.png","contentUrl":"https:\/\/gentlemenofsweden.se\/wp-content\/uploads\/2025\/03\/logo_bag.png","width":1181,"height":1181,"caption":"Gentlemen of Sweden AB"},"image":{"@id":"https:\/\/gentlemenofsweden.se\/#\/schema\/logo\/image\/"},"sameAs":["https:\/\/www.facebook.com\/gentlemenofsweden"]}]}},"_links":{"self":[{"href":"https:\/\/gentlemenofsweden.se\/en\/wp-json\/wp\/v2\/pages\/7140","targetHints":{"allow":["GET"]}}],"collection":[{"href":"https:\/\/gentlemenofsweden.se\/en\/wp-json\/wp\/v2\/pages"}],"about":[{"href":"https:\/\/gentlemenofsweden.se\/en\/wp-json\/wp\/v2\/types\/page"}],"author":[{"embeddable":true,"href":"https:\/\/gentlemenofsweden.se\/en\/wp-json\/wp\/v2\/users\/27"}],"replies":[{"embeddable":true,"href":"https:\/\/gentlemenofsweden.se\/en\/wp-json\/wp\/v2\/comments?post=7140"}],"version-history":[{"count":0,"href":"https:\/\/gentlemenofsweden.se\/en\/wp-json\/wp\/v2\/pages\/7140\/revisions"}],"wp:attachment":[{"href":"https:\/\/gentlemenofsweden.se\/en\/wp-json\/wp\/v2\/media?parent=7140"}],"curies":[{"name":"wp","href":"https:\/\/api.w.org\/{rel}","templated":true}]}}